{"id":1919,"date":"2020-03-27T08:22:22","date_gmt":"2020-03-27T08:22:22","guid":{"rendered":"https:\/\/www.consultecca.org\/?page_id=1919"},"modified":"2020-03-27T08:22:22","modified_gmt":"2020-03-27T08:22:22","slug":"from-the-media","status":"publish","type":"page","link":"https:\/\/www.consultecca.org\/en\/about-me\/from-the-media\/","title":{"rendered":"From the media"},"content":{"rendered":"<style type=\"text\/css\">body.kc-css-system .kc-css-1730632 .kc_button{color: #61b0ff;}<\/style>\n<section class=\"kc-elm kc-css-1896239 kc_row\">\n<div class=\"kc-row-container  kc-container\">\n<div class=\"kc-wrap-columns\">\n<div class=\"kc-elm kc-css-393420 kc_col-sm-12 kc_column kc_col-sm-12\">\n<div class=\"kc-col-container\">\n<h3 class=\"kc-elm kc-css-1730632\"><a class=\"kc_button\" title=\"Poduzetnik\" href=\"https:\/\/poduzetnik.biz\/novi-poduzetnik\/odabrala-sam-zelim-pokretati-i-mijenjati-svijet-u-kojem-zivim-konzalting-za-bolnice\/?fbclid=IwAR3UBYy6uYi1MX2aAsL5s0pYYbyLBNjyNzBmNVX40vLpNJu8MYnGmmnq5oA\" target=\"_self\" rel=\"noopener noreferrer\"><br \/>\nArticle<\/a>\u00a0&#8220;PODUZETNIK&#8221; &#8211; &#8220;ENTREPRENEUR&#8221;<\/h3>\n<\/div>\n<\/div>\n<\/div>\n<\/div>\n<\/section>\n<section class=\"kc-elm kc-css-2700102 kc_row\">\n<div class=\"kc-row-container  kc-container\">\n<div class=\"kc-wrap-columns\">\n<div class=\"kc-elm kc-css-907589 kc_column kc_col-sm-12\">\n<div class=\"kc-col-container\">\n<div class=\"kc-elm kc-css-1578072 kc_text_block\">\n<h1 class=\"entry-title\" style=\"text-align: center;\" data-wp-editing=\"1\"><img decoding=\"async\" loading=\"lazy\" class=\"aligncenter\" src=\"https:\/\/www.consultecca.org\/mapristupab\/wp-content\/uploads\/2020\/03\/PODUZETNI\u010cKA-PRI\u010cA-ROSANA-SVETI\u0106-\u010cI\u0160I\u0106-STUDENI-2019.jpg\" alt=\"\" width=\"243\" height=\"213\" \/><a href=\"https:\/\/poduzetnik.biz\/novi-poduzetnik\/odabrala-sam-zelim-pokretati-i-mijenjati-svijet-u-kojem-zivim-konzalting-za-bolnice\/?fbclid=IwAR3UBYy6uYi1MX2aAsL5s0pYYbyLBNjyNzBmNVX40vLpNJu8MYnGmmnq5oA\">I have chosen, I want to start and change the world I live in!<\/a><\/h1>\n<h3 class=\"single-post-excerpt\" style=\"text-align: center;\">Making a decision and moving on to something completely new and unknown was not easy at all.<\/h3>\n<p>&nbsp;<\/p>\n<\/div>\n<\/div>\n<\/div>\n<\/div>\n<\/div>\n<\/section>\n<section class=\"kc-elm kc-css-3108496 kc_row\">\n<div class=\"kc-row-container  kc-container\">\n<div class=\"kc-wrap-columns\">\n<div class=\"kc-elm kc-css-547246 kc_col-sm-12 kc_column kc_col-sm-12\">\n<div class=\"kc-col-container\">\n<div class=\"kc-elm kc-css-372175 kc-pro-button kc-button-main\"><a href=\"#\"><br \/>\n<span class=\"creative_title\">Croatian National TV <\/span><\/a><\/div>\n<\/div>\n<\/div>\n<\/div>\n<\/div>\n<\/section>\n<section class=\"kc-elm kc-css-1060832 kc_row\">\n<div class=\"kc-row-container  kc-container\">\n<div class=\"kc-wrap-columns\">\n<div class=\"kc-elm kc-css-222684 kc_col-sm-12 kc_column kc_col-sm-12\">\n<div class=\"kc-col-container\">\n<p><img decoding=\"async\" loading=\"lazy\" class=\"aligncenter \" src=\"https:\/\/www.consultecca.org\/mapristupab\/wp-content\/uploads\/2020\/03\/Screenshot-2020-03-26-at-20.01.54.png\" alt=\"\" width=\"252\" height=\"159\" \/><br \/>\n<a href=\"https:\/\/youtu.be\/XUMR5CneLWA\">HEALTHY LIFE<\/a><\/p>\n<h3 class=\"kc-elm kc-css-2451797 kc_text_block\" style=\"text-align: center;\">A broadcast on HRT1 with tips on healthy eating and how accepting life with the disease.<\/h3>\n<\/div>\n<\/div>\n<\/div>\n<\/div>\n<\/section>\n<section class=\"kc-elm kc-css-356280 kc_row\">\n<div class=\"kc-row-container  kc-container\">\n<div class=\"kc-wrap-columns\">\n<div class=\"kc-elm kc-css-951439 kc_col-sm-12 kc_column kc_col-sm-12\">\n<div class=\"kc-col-container\"><\/div>\n<\/div>\n<\/div>\n<\/div>\n<\/section>\n","protected":false},"excerpt":{"rendered":"<p>Article\u00a0&#8220;PODUZETNIK&#8221; &#8211; &#8220;ENTREPRENEUR&#8221; I have chosen, I want to start and change the world I live in! Making a decision and moving on to something completely new and unknown was not easy at all. &nbsp; Croatian National TV HEALTHY LIFE A broadcast on HRT1 with tips on healthy eating and how accepting life with the<\/p>\n","protected":false},"author":2,"featured_media":0,"parent":996,"menu_order":1,"comment_status":"closed","ping_status":"closed","template":"","meta":[],"yoast_head":"<!-- This site is optimized with the Yoast SEO plugin v16.1.1 - https:\/\/yoast.com\/wordpress\/plugins\/seo\/ -->\n<title>From the media - Consultecca<\/title>\n<link rel=\"canonical\" href=\"https:\/\/www.consultecca.org\/en\/about-me\/from-the-media\/\" \/>\n<meta property=\"og:locale\" content=\"en_US\" \/>\n<meta property=\"og:type\" content=\"article\" \/>\n<meta property=\"og:title\" content=\"From the media - Consultecca\" \/>\n<meta property=\"og:description\" content=\"Article\u00a0&#8220;PODUZETNIK&#8221; &#8211; &#8220;ENTREPRENEUR&#8221; I have chosen, I want to start and change the world I live in! Making a decision and moving on to something completely new and unknown was not easy at all. &nbsp; Croatian National TV HEALTHY LIFE A broadcast on HRT1 with tips on healthy eating and how accepting life with the\" \/>\n<meta property=\"og:url\" content=\"https:\/\/www.consultecca.org\/en\/about-me\/from-the-media\/\" \/>\n<meta property=\"og:site_name\" content=\"Consultecca\" \/>\n<meta property=\"og:image\" content=\"https:\/\/www.consultecca.org\/mapristupab\/wp-content\/uploads\/2020\/03\/PODUZETNI\u010cKA-PRI\u010cA-ROSANA-SVETI\u0106-\u010cI\u0160I\u0106-STUDENI-2019.jpg\" \/>\n<meta name=\"twitter:card\" content=\"summary_large_image\" \/>\n<script type=\"application\/ld+json\" class=\"yoast-schema-graph\">{\"@context\":\"https:\/\/schema.org\",\"@graph\":[{\"@type\":\"Organization\",\"@id\":\"https:\/\/www.consultecca.org\/#organization\",\"name\":\"Consultecca\",\"url\":\"https:\/\/www.consultecca.org\/\",\"sameAs\":[],\"logo\":{\"@type\":\"ImageObject\",\"@id\":\"https:\/\/www.consultecca.org\/#logo\",\"inLanguage\":\"en-US\",\"url\":\"https:\/\/www.consultecca.org\/mapristupab\/wp-content\/uploads\/2018\/09\/consultecca-logo-moto.png\",\"contentUrl\":\"https:\/\/www.consultecca.org\/mapristupab\/wp-content\/uploads\/2018\/09\/consultecca-logo-moto.png\",\"width\":272,\"height\":91,\"caption\":\"Consultecca\"},\"image\":{\"@id\":\"https:\/\/www.consultecca.org\/#logo\"}},{\"@type\":\"WebSite\",\"@id\":\"https:\/\/www.consultecca.org\/#website\",\"url\":\"https:\/\/www.consultecca.org\/\",\"name\":\"Consultecca\",\"description\":\"consulting for smooth healthcare busines\",\"publisher\":{\"@id\":\"https:\/\/www.consultecca.org\/#organization\"},\"potentialAction\":[{\"@type\":\"SearchAction\",\"target\":\"https:\/\/www.consultecca.org\/?s={search_term_string}\",\"query-input\":\"required name=search_term_string\"}],\"inLanguage\":\"en-US\"},{\"@type\":\"ImageObject\",\"@id\":\"https:\/\/www.consultecca.org\/en\/about-me\/from-the-media\/#primaryimage\",\"inLanguage\":\"en-US\",\"url\":\"https:\/\/www.consultecca.org\/mapristupab\/wp-content\/uploads\/2020\/03\/PODUZETNI\\u010cKA-PRI\\u010cA-ROSANA-SVETI\\u0106-\\u010cI\\u0160I\\u0106-STUDENI-2019.jpg\",\"contentUrl\":\"https:\/\/www.consultecca.org\/mapristupab\/wp-content\/uploads\/2020\/03\/PODUZETNI\\u010cKA-PRI\\u010cA-ROSANA-SVETI\\u0106-\\u010cI\\u0160I\\u0106-STUDENI-2019.jpg\",\"width\":800,\"height\":700},{\"@type\":\"WebPage\",\"@id\":\"https:\/\/www.consultecca.org\/en\/about-me\/from-the-media\/#webpage\",\"url\":\"https:\/\/www.consultecca.org\/en\/about-me\/from-the-media\/\",\"name\":\"From the media - Consultecca\",\"isPartOf\":{\"@id\":\"https:\/\/www.consultecca.org\/#website\"},\"primaryImageOfPage\":{\"@id\":\"https:\/\/www.consultecca.org\/en\/about-me\/from-the-media\/#primaryimage\"},\"datePublished\":\"2020-03-27T08:22:22+00:00\",\"dateModified\":\"2020-03-27T08:22:22+00:00\",\"breadcrumb\":{\"@id\":\"https:\/\/www.consultecca.org\/en\/about-me\/from-the-media\/#breadcrumb\"},\"inLanguage\":\"en-US\",\"potentialAction\":[{\"@type\":\"ReadAction\",\"target\":[\"https:\/\/www.consultecca.org\/en\/about-me\/from-the-media\/\"]}]},{\"@type\":\"BreadcrumbList\",\"@id\":\"https:\/\/www.consultecca.org\/en\/about-me\/from-the-media\/#breadcrumb\",\"itemListElement\":[{\"@type\":\"ListItem\",\"position\":1,\"item\":{\"@type\":\"WebPage\",\"@id\":\"https:\/\/www.consultecca.org\/\",\"url\":\"https:\/\/www.consultecca.org\/\",\"name\":\"Po\\u010detna stranica\"}},{\"@type\":\"ListItem\",\"position\":2,\"item\":{\"@type\":\"WebPage\",\"@id\":\"https:\/\/www.consultecca.org\/en\/about-me\/\",\"url\":\"https:\/\/www.consultecca.org\/en\/about-me\/\",\"name\":\"About me\"}},{\"@type\":\"ListItem\",\"position\":3,\"item\":{\"@type\":\"WebPage\",\"@id\":\"https:\/\/www.consultecca.org\/en\/about-me\/from-the-media\/\",\"url\":\"https:\/\/www.consultecca.org\/en\/about-me\/from-the-media\/\",\"name\":\"From the media\"}}]}]}<\/script>\n<!-- \/ Yoast SEO plugin. -->","_links":{"self":[{"href":"https:\/\/www.consultecca.org\/en\/wp-json\/wp\/v2\/pages\/1919"}],"collection":[{"href":"https:\/\/www.consultecca.org\/en\/wp-json\/wp\/v2\/pages"}],"about":[{"href":"https:\/\/www.consultecca.org\/en\/wp-json\/wp\/v2\/types\/page"}],"author":[{"embeddable":true,"href":"https:\/\/www.consultecca.org\/en\/wp-json\/wp\/v2\/users\/2"}],"replies":[{"embeddable":true,"href":"https:\/\/www.consultecca.org\/en\/wp-json\/wp\/v2\/comments?post=1919"}],"version-history":[{"count":2,"href":"https:\/\/www.consultecca.org\/en\/wp-json\/wp\/v2\/pages\/1919\/revisions"}],"predecessor-version":[{"id":1921,"href":"https:\/\/www.consultecca.org\/en\/wp-json\/wp\/v2\/pages\/1919\/revisions\/1921"}],"up":[{"embeddable":true,"href":"https:\/\/www.consultecca.org\/en\/wp-json\/wp\/v2\/pages\/996"}],"wp:attachment":[{"href":"https:\/\/www.consultecca.org\/en\/wp-json\/wp\/v2\/media?parent=1919"}],"curies":[{"name":"wp","href":"https:\/\/api.w.org\/{rel}","templated":true}]}}